{"id":1780,"date":"2021-12-06T12:40:34","date_gmt":"2021-12-06T11:40:34","guid":{"rendered":"https:\/\/pho3nix-kids.com\/polska\/?page_id=1780"},"modified":"2021-12-14T11:44:53","modified_gmt":"2021-12-14T10:44:53","slug":"regulamin-konkursu-w-aplikacji-mobilnej-pho3nix-kids","status":"publish","type":"page","link":"https:\/\/pho3nix-kids.com\/polska\/regulamin-konkursu-w-aplikacji-mobilnej-pho3nix-kids\/","title":{"rendered":"Regulamin Konkursu w Aplikacji Mobilnej Pho3nix Kids"},"content":{"rendered":"\n<p><strong>Regulamin Konkursu: <\/strong>Mi\u0119dzyszkolny konkurs w aplikacji mobilnej Pho3nix Kids<\/p>\n\n\n\n<ol class=\"wp-block-list\"><li><strong>Postanowienia og\u00f3lne&nbsp;<\/strong><\/li><\/ol>\n\n\n\n<ul class=\"wp-block-list\"><li>Niniejszy Regulamin (dalej \u201e<strong>Regulamin<\/strong>\u201d) okre\u015bla warunki konkursu <a>realizowanego <\/a>pod nazw\u0105 \u201eMi\u0119dzyszkolny konkurs w aplikacji mobilnej Pho3nix Kids\u201d (dalej \u201c<strong>Konkurs<\/strong>\u201c) b\u0119d\u0105cego cz\u0119\u015bci\u0105 akcji charytatywnej realizowanej pod nazw\u0105 \u201eFundacja Pho3nix Gra z WO\u015aP&#8221; (dalej &#8222;<strong>Akcja<\/strong>&#8222;).<\/li><li>Konkurs jest realizowany za po\u015brednictwem aplikacji mobilnej Pho3nix Kids (dalej <strong>\u201eAplikacja\u201d<\/strong>) <a>dost\u0119pnej do pobrania za po\u015brednictwem sklep\u00f3w Google Play oraz App Store oraz portalu Pho3nix Kids pod adresem: https:\/\/pho3nix-kids.com\/polska\/aplikacjamobilna\/ <\/a>(dalej \u201e<strong>Portal<\/strong>\u201d).<\/li><li>Udost\u0119pniaj\u0105cym Portal oraz Aplikacj\u0119 jest fundacja Pho3nix Stiftung z siedzib\u0105 c\/o Iatesta AG, Via Somplaz 1, 7500 Moritz, Szwajcaria, wpisana do szwajcarskiego rejestru handlowego kantonu Gryzonia pod numerem CHE-169.567.607 (dalej \u201e<strong>Pho3nix<\/strong>\u201d).<\/li><li>Organizatorem Konkursu jest partner lokalny Pho3nix na terytorium Rzeczypospolitej Polskiej \u2013 <strong>Klub Sportowy Tri Tour <\/strong>z siedzib\u0105 w Poznaniu przy ul. Smardzewskiej 21\/4, 60-161 Pozna\u0144, Polska, wpisany do ewidencji uczniowskich klub\u00f3w sportowych i klub\u00f3w sportowych dzia\u0142aj\u0105cych w formie stowarzysze\u0144, kt\u00f3rych statuty nie przewiduj\u0105 prowadzenia dzia\u0142alno\u015bci gospodarczej prowadzonej przez Prezydenta Miasta Poznania pod pozycj\u0105 ST 292, NIP 9721247020 (dalej \u201e<strong>Organizator<\/strong>\u201d).<\/li><li>Udzia\u0142 w Konkursie oznacza akceptacj\u0119 zasad Konkursu zawartych w niniejszym Regulaminie, kt\u00f3rych Uczestnik zobowi\u0105zuje si\u0119 przestrzega\u0107.<\/li><li>Udzia\u0142 w Konkursie jest bezp\u0142atny.<\/li><li>Konkurs odbywa si\u0119 wy\u0142\u0105cznie na terytorium Rzeczypospolitej Polskiej.<\/li><li>Konkurs adresowany jest do wszystkich publicznych i niepublicznych szk\u00f3\u0142 podstawowych zlokalizowanych na terytorium Rzeczypospolitej Polskiej, r\u00f3wnie\u017c wchodz\u0105cych w sk\u0142ad zespo\u0142\u00f3w szk\u00f3\u0142, przy czym Organizator zastrzega sobie mo\u017cliwo\u015b\u0107 umo\u017cliwienia dokonania zg\u0142oszenia udzia\u0142u w Konkursie r\u00f3wnie\u017c innym plac\u00f3wkom o\u015bwiatowym.<\/li><li>Zg\u0142oszenie udzia\u0142u w Konkursie mo\u017ce nast\u0105pi\u0107 od dnia 6 grudnia 2021 r. od godz. 00:01 do dnia 6 lutego 2022 r. do godz. 23:59.<\/li><li>Konkurs trwa od dnia <strong>24 stycznia 2022 r.<\/strong> o godzinie <strong>00:01<\/strong>, a ko\u0144czy si\u0119 dnia <strong>6 lutego 2022 r.<\/strong> o godz. <strong>23:59<\/strong> (dalej \u201e<strong>Czas Trwania Konkursu<\/strong>\u201d).<\/li><li>Organizator zastrzega sobie mo\u017cliwo\u015b\u0107 wyd\u0142u\u017cenia termin\u00f3w okre\u015blonych w pkt 1.9 i 1.10. Powy\u017csze zmiany wchodz\u0105 w \u017cycie z chwil\u0105 ich opublikowania na Portalu.<\/li><li>Og\u0142oszenie wynik\u00f3w Konkursu nast\u0105pi do dnia <a>14 lutego<\/a> 2022 r. za po\u015brednictwem Portalu oraz medi\u00f3w spo\u0142eczno\u015bciowych Pho3nix (Facebook, Instagram).<\/li><li>Organizator poinformuje Zwyci\u0119zc\u0119 Konkursu (w rozumieniu przyj\u0119tym w pkt 4.1) o wygranej w Konkursie w formie e-mail z wykorzystaniem adres\u00f3w, kt\u00f3re zostan\u0105 wskazane w zg\u0142oszeniach udzia\u0142u w Konkursie, o kt\u00f3rych mowa w pkt 2.1.<\/li><\/ul>\n\n\n\n<ol class=\"wp-block-list\" start=\"2\"><li><strong>Uczestnicy i zg\u0142oszenia do Konkursu&nbsp;<\/strong><\/li><\/ol>\n\n\n\n<ul class=\"wp-block-list\"><li>Uczestnikiem Konkursu jest publiczna lub niepubliczna szko\u0142a podstawowa maj\u0105ca swoj\u0105 siedzib\u0119 na terytorium Polski (r\u00f3wnie\u017c zesp\u00f3\u0142 szk\u00f3\u0142, je\u017celi w jego sk\u0142ad wchodzi szko\u0142a podstawowa) lub inna plac\u00f3wka o\u015bwiatowa, kt\u00f3rej Organizator umo\u017cliwi\u0142 dokonanie zg\u0142oszenia udzia\u0142u w Konkursie, kt\u00f3ra spe\u0142ni poni\u017csze warunki udzia\u0142u w Konkursie (dalej: \u201e<strong>Uczestnik<\/strong>\u201d lub \u201e<strong>Szko\u0142a<\/strong>\u201d):<\/li><\/ul>\n\n\n\n<ul class=\"wp-block-list\"><li>dokona zg\u0142oszenia udzia\u0142u w Konkursie za po\u015brednictwem dedykowanego dla Konkursu formularza dost\u0119pnego pod adresem <a href=\"https:\/\/pho3nix-kids.com\/pho3nix-gra-z-wosp\/\">https:\/\/pho3nix-kids.com\/pho3nix-gra-z-wosp\/<\/a> &nbsp;(dalej \u201e<strong>Formularz Zg\u0142oszeniowy<\/strong>\u201d). Zg\u0142oszenie udzia\u0142u w Konkursie wymaga podania danych kontaktowych koordynatora Szko\u0142y (dalej \u201e<strong>Koordynator<\/strong>\u201d) (imi\u0119 i nazwisko osoby upowa\u017cnionej, adres mailowy, numer telefonu, nazwa i miasto Szko\u0142y, dane adresowe Szko\u0142y oraz akceptacji Regulaminu i Polityki prywatno\u015bci dost\u0119pnej na Portalu pod adresem: <a href=\"https:\/\/pho3nix-kids.com\/polska\/polityka-prywatnosci\/\">https:\/\/pho3nix-kids.com\/polska\/polityka-prywatnosci\/<\/a> ); oraz<\/li><li>spe\u0142ni pozosta\u0142e warunki okre\u015blone w Regulaminie.<\/li><\/ul>\n\n\n\n<ul class=\"wp-block-list\"><li>Dokonywanie zg\u0142osze\u0144 do Konkursu jest mo\u017cliwe tylko w terminie okre\u015blonym w pkt 1.9.<\/li><li>Zg\u0142oszenia do udzia\u0142u w Konkursie mo\u017ce dokona\u0107 wy\u0142\u0105cznie Koordynator.<\/li><li>Warunkiem uczestnictwa w Konkursie jest akceptacja postanowie\u0144 Regulaminu przez Koordynatora.<\/li><li>Ka\u017cda Szko\u0142a mo\u017ce wzi\u0105\u0107 udzia\u0142 w Konkursie wy\u0142\u0105cznie jeden raz.<\/li><li>O zakwalifikowaniu do udzia\u0142u w Konkursie Szko\u0142a zostanie poinformowana w formie e-maila zwrotnego, kt\u00f3ry zostanie wys\u0142any na adres mailowy podany przez Koordynatora. W taki sam spos\u00f3b Szko\u0142a zostanie poinformowana o odmowie zakwalifikowania do udzia\u0142u w Konkursie, wykluczeniu z Konkursu oraz zablokowaniu mo\u017cliwo\u015bci udzia\u0142u w Konkursie w przypadkach, o kt\u00f3rym mowa w pkt 7 i 2.8.<\/li><li><a>Organizator zastrzega sobie prawo do wykluczenia z udzia\u0142u w Konkursie, a w uzasadnionych przypadkach do blokowania mo\u017cliwo\u015bci wzi\u0119cia udzia\u0142u w Konkursie Uczestnik\u00f3w, kt\u00f3rzy naruszaj\u0105 postanowienia Regulaminu, a w szczeg\u00f3lno\u015bci:<\/a><\/li><li>podejmuj\u0105 dzia\u0142ania sprzeczne z prawem, z dobrymi obyczajami lub godz\u0105ce w uzasadnione interesy os\u00f3b trzecich;<\/li><li>podejmuj\u0105 dzia\u0142ania naruszaj\u0105ce uzasadnione interesy Organizatora lub Pho3nix lub godz\u0105ce w ich wizerunek;<\/li><li>podejmuj\u0105 dzia\u0142ania zmierzaj\u0105ce do obej\u015bcia albo wskazuj\u0105ce na pr\u00f3b\u0119 obej\u015bcia Regulaminu lub mechanizm\u00f3w i zasad funkcjonowania.<\/li><\/ul>\n\n\n\n<ol class=\"wp-block-list\" start=\"3\"><li><strong>Zadanie konkursowe&nbsp;<\/strong><\/li><\/ol>\n\n\n\n<ul class=\"wp-block-list\"><li>Szko\u0142y, kt\u00f3re otrzymaj\u0105 potwierdzenie udzia\u0142u w Konkursie mog\u0105 wzi\u0105\u0107 udzia\u0142 w Konkursie, kt\u00f3ry polega na wykonywaniu przez uczni\u00f3w Szk\u00f3\u0142 jak najwi\u0119kszej liczby krok\u00f3w za po\u015brednictwem Konta Ucze\u0144 w Aplikacji w Czasie Trwania Konkursu.<\/li><li>Dane o liczbie krok\u00f3w wykonanych przez uczni\u00f3w Szk\u00f3\u0142 zbierane s\u0105 przez Aplikacj\u0119 po uprzedniej integracji Aplikacji z aplikacj\u0105 Google Fit lub aplikacj\u0105 Apple Health.<\/li><li>Uczniowie Szko\u0142y reprezentuj\u0105cy Szko\u0142\u0119 w Konkursie musz\u0105 mie\u0107 aktywne \u201eKonto Ucze\u0144\u201d przyporz\u0105dkowane do Szko\u0142y, w kt\u00f3rej si\u0119 ucz\u0105 oraz zintegrowan\u0105 Aplikacj\u0119 z aplikacjami Google Fit lub Apple Health, a tak\u017ce spe\u0142nia\u0107 pozosta\u0142e warunki wymagane do korzystania z funkcjonalno\u015bci mierzenia krok\u00f3w za po\u015brednictwem Konta Ucze\u0144 w Aplikacji okre\u015blone w Warunkach U\u017cytkowania Aplikacji i Portalu udost\u0119pnionych na Portalu pod adresem: https:\/\/pho3nix-kids.com\/polska\/warunki-uzytkowania\/ (dalej \u201e<strong>Warunki<\/strong>\u201d);.<\/li><li>Kroki wykonane przez uczni\u00f3w Szko\u0142y, kt\u00f3rzy nie zainstalowali Aplikacji lub nie dokonali integracji Aplikacji z aplikacjami Google Fit lub Apple Health lub wykonywali kroki bez aktywnej Aplikacji lub nie przyporz\u0105dkowali swojego Konta Ucze\u0144 do Szko\u0142y, kt\u00f3rej s\u0105 uczniami, nie b\u0119d\u0105 brane pod uwag\u0119 przez Organizatora.<\/li><\/ul>\n\n\n\n<ol class=\"wp-block-list\" start=\"4\"><li><strong>Wyb\u00f3r zwyci\u0119zc\u00f3w&nbsp;<\/strong><\/li><\/ol>\n\n\n\n<ul class=\"wp-block-list\"><li>Zwyci\u0119zcami Konkursu, zostanie 20 (dwadzie\u015bcia) Szk\u00f3\u0142, kt\u00f3rych uczniowie (przyporz\u0105dkowani do tych Szk\u00f3\u0142) wykonaj\u0105 najwi\u0119ksz\u0105 liczb\u0119 krok\u00f3w za po\u015brednictwem Konta Ucze\u0144 w Aplikacji przez Czas Trwania Konkursu (dalej \u201e<strong>Zwyci\u0119zca Konkursu<\/strong>\u201d), z zastrze\u017ceniem \u017ce liczba Nagr\u00f3d przypadaj\u0105cych na uczni\u00f3w poszczeg\u00f3lnych Zwyci\u0119zc\u00f3w Konkursu b\u0119dzie zr\u00f3\u017cnicowana oraz b\u0119dzie proporcjonalna do zaj\u0119tego przez Zwyci\u0119zc\u0119 Konkursu miejsca w Konkursie zgodnie z podzia\u0142em zaprezentowanym w pkt 5.1.<\/li><li>Zabronione jest naruszanie oraz omijanie zasad uczciwej rozgrywki, w szczeg\u00f3lno\u015bci celem uzyskania wi\u0119kszej liczby krok\u00f3w. Organizator zastrzega sobie prawo nieuwzgl\u0119dnienia krok\u00f3w zdobytych w okoliczno\u015bciach wskazuj\u0105cych na pr\u00f3b\u0119 naruszenia Regulaminu lub omini\u0119cia zasad. Zabronione s\u0105 w szczeg\u00f3lno\u015bci:<\/li><li>tworzenie tzw. Multikont, czyli tworzenie wi\u0119cej ni\u017c jednego konta dla ka\u017cdego ucznia danej Szko\u0142y;<\/li><li>wykorzystywanie oprogramowania, kt\u00f3re wp\u0142ywa na pomiar aktywno\u015bci fizycznej uczni\u00f3w Szk\u00f3\u0142.<\/li><li>Wszelkie nieprzewidziane b\u0105d\u017a sporne kwestie w zakresie wy\u0142onienia Zwyci\u0119zcy Konkursu oraz przyznania Nagr\u00f3d wyja\u015bnia trzyosobowa kapitu\u0142a konkursowa sk\u0142adaj\u0105ca si\u0119 z dw\u00f3ch przedstawicieli Organizatora oraz jednego przedstawiciela Pho3nix.<\/li><\/ul>\n\n\n\n<ol class=\"wp-block-list\" start=\"5\"><li><strong>Nagroda&nbsp;<\/strong><\/li><\/ol>\n\n\n\n<ul class=\"wp-block-list\"><li>Nagrod\u0105 w Konkursie b\u0119dzie (dalej: \u201e<strong>Nagroda<\/strong>\u201d) zestaw opasek sportowych Huawei Band 4 (warto\u015b\u0107 jednej opaski: 78 PLN), w liczbie nie wi\u0119kszej ni\u017c 500 (pi\u0119\u0107set) \u0142\u0105cznie, kt\u00f3re zostan\u0105 przyporz\u0105dkowane proporcjonalnie do zaj\u0119tego przez Zwyci\u0119zc\u0119 Konkursu miejsca w Konkursie zgodnie z poni\u017cszym podzia\u0142em:<\/li><\/ul>\n\n\n\n<p><strong>1 miejsce<\/strong> \u2013 w ilo\u015bci odpowiadaj\u0105cej liczbie uczni\u00f3w b\u0119d\u0105cych reprezentantami tej Szko\u0142y, jednak nie wi\u0119cej ni\u017c 200 uczni\u00f3w;<\/p>\n\n\n\n<p><strong>2 miejsce<\/strong> \u2013 50 uczni\u00f3w b\u0119d\u0105cych reprezentantami tej Szko\u0142y, kt\u00f3rzy wykonali najwi\u0119ksz\u0105 w tej Szkole liczb\u0119 krok\u00f3w;&nbsp;<\/p>\n\n\n\n<p><strong>3 miejsce<\/strong> \u2013 30 uczni\u00f3w b\u0119d\u0105cych reprezentantami tej Szko\u0142y, kt\u00f3rzy wykonali najwi\u0119ksz\u0105 w tej Szkole liczb\u0119 krok\u00f3w;&nbsp;<\/p>\n\n\n\n<p><strong>od 4 do 10 miejsca<\/strong> \u2013 15 uczni\u00f3w b\u0119d\u0105cych reprezentantami tych Szk\u00f3\u0142, kt\u00f3rzy wykonali najwi\u0119ksz\u0105 w tych Szko\u0142ach liczb\u0119 krok\u00f3w;<\/p>\n\n\n\n<p><strong>od 11 do 20 miejsca <\/strong>\u2013 10 uczni\u00f3w b\u0119d\u0105cych reprezentantami tej Szko\u0142y, kt\u00f3rzy wykonali najwi\u0119ksz\u0105 w tych Szko\u0142ach liczb\u0119 krok\u00f3w.<\/p>\n\n\n\n<ul class=\"wp-block-list\"><li>Nagrody zostan\u0105 przyznane odpowiedniej liczbie reprezentant\u00f3w Szk\u00f3\u0142 zgodnie z ilo\u015bciami podanymi w pkt. 5.1 oraz zostan\u0105 dostarczone przez Organizatora do Zwyci\u0119zc\u00f3w Konkursu celem ich wydania reprezentantom w terminie ustalonym mi\u0119dzy Organizatorem a Zwyci\u0119zc\u0105 Konkursu. Przez reprezentanta Szko\u0142y b\u0119d\u0105cej Zwyci\u0119zc\u0105 Konkursu w Konkursie rozumie si\u0119 ucznia Szko\u0142y, kt\u00f3rego Konto Ucze\u0144 zosta\u0142o przyporz\u0105dkowane na etapie rejestracji do Szko\u0142y, kt\u00f3ra zosta\u0142a Zwyci\u0119zc\u0105 Konkursu, kt\u00f3ry wykona\u0142 co najmniej 1000 (jeden tysi\u0105c) krok\u00f3w za po\u015brednictwem Aplikacji w Czasie Trwania Konkursu.<\/li><li>Uczniowie Szk\u00f3\u0142, kt\u00f3rym zostan\u0105 przyznane Nagrody nie s\u0105 uprawnieni do \u017c\u0105dania wymiany Nagr\u00f3d na got\u00f3wk\u0119 lub nagrody innego rodzaju.<\/li><li>Uczniowie Szk\u00f3\u0142, kt\u00f3rym zostan\u0105 przyznane Nagrody nie mog\u0105 przenie\u015b\u0107 prawa do uzyskania Nagr\u00f3d na osoby trzecie.<\/li><li>Organizator nie ponosi odpowiedzialno\u015bci za niemo\u017cno\u015b\u0107 wydania Nagr\u00f3d, wynikaj\u0105c\u0105 z braku jej odbioru przez Uczni\u00f3w Szk\u00f3\u0142, kt\u00f3rym zostan\u0105 przyznane Nagrody. W takim przypadku Nagroda pozostaje w\u0142asno\u015bci\u0105 Organizatora i stosownie do jego decyzji, mo\u017ce zosta\u0107 wydana innej Szkole.<\/li><li>Organizator ma prawo odm\u00f3wi\u0107 wydania Nagr\u00f3d w przypadku z\u0142amania przez Szko\u0142\u0119 b\u0119d\u0105c\u0105 Zwyci\u0119zc\u0105 Konkursu kt\u00f3regokolwiek punktu niniejszego Regulaminu. W takim wypadku Nagroda pozostaje w\u0142asno\u015bci\u0105 Organizatora i stosownie do jego decyzji, mog\u0105 zosta\u0107 wydane uczniom innej Szko\u0142y.<\/li><\/ul>\n\n\n\n<ol class=\"wp-block-list\" start=\"6\"><li><strong>Dane osobowe&nbsp;<\/strong><\/li><\/ol>\n\n\n\n<p>Informacje na temat przetwarzania danych osobowych os\u00f3b uczestnicz\u0105cych w Konkursie mo\u017cna znale\u017a\u0107 w Polityce prywatno\u015bci dost\u0119pnej na Portalu pod adresem: https:\/\/pho3nix-kids.com\/polska\/polityka-prywatnosci\/.<\/p>\n\n\n\n<ol class=\"wp-block-list\" start=\"7\"><li><strong>Reklamacje&nbsp;<\/strong><\/li><\/ol>\n\n\n\n<ul class=\"wp-block-list\"><li>Wszelkie zastrze\u017cenia i reklamacje dotycz\u0105ce Konkursu nale\u017cy zg\u0142asza\u0107 pod adresem mailowym: <a href=\"mailto:pomoc@pho3nix-kids.com\">pomoc@pho3nix-kids.com.<\/a><\/li><li>Reklamacja powinna zawiera\u0107: dane identyfikacyjne i dok\u0142adny adres Uczestnika jak r\u00f3wnie\u017c dok\u0142adny opis i wskazanie przyczyny reklamacji oraz \u017c\u0105danie Uczestnika.<\/li><li>Reklamacje rozpatrywane s\u0105 przez Organizatora, kt\u00f3ry zobowi\u0105zany jest poinformowa\u0107 Uczestnika o sposobie rozpatrzenia reklamacji w terminie 30 dni od daty jej otrzymania. Brak odpowiedzi w tym terminie r\u00f3wnoznaczny jest z uznaniem reklamacji.<\/li><\/ul>\n\n\n\n<ol class=\"wp-block-list\" start=\"8\"><li><strong>Uwagi ko\u0144cowe&nbsp;<\/strong><\/li><\/ol>\n\n\n\n<ul class=\"wp-block-list\"><li>Wy\u0142\u0105czn\u0105 odpowiedzialno\u015b\u0107 za przeprowadzenie Konkursu, w tym przekazanie Nagrody dla Zwyci\u0119zcy Konkursu ponosi Organizator.<\/li><li>Organizator nie ponosi odpowiedzialno\u015bci za:<\/li><li>ewentualne problemy techniczne, w szczeg\u00f3lno\u015bci zwi\u0105zane z dzia\u0142aniem dostawc\u00f3w us\u0142ug internetowych, kt\u00f3re mog\u0142yby mie\u0107 wp\u0142yw na wype\u0142nienie warunk\u00f3w uczestnictwa w Konkursie;<\/li><li>naruszenie przez Uczestnik\u00f3w d\u00f3br osobistych os\u00f3b trzecich;<\/li><li>niemo\u017cno\u015b\u0107 przekazania Nagrody Zwyci\u0119zcy Konkursu z przyczyn od niego niezale\u017cnych i\/lub le\u017c\u0105cych po stronie Zwyci\u0119zcy Konkursu;<\/li><li>zdarzenia uniemo\u017cliwiaj\u0105ce prawid\u0142owe przeprowadzenie Konkursu, kt\u00f3rych nie by\u0142 w stanie przewidzie\u0107, lub kt\u00f3rym nie m\u00f3g\u0142 zapobiec, w szczeg\u00f3lno\u015bci w przypadku zaistnienia zdarze\u0144 losowych w tym si\u0142y wy\u017cszej.<\/li><li>Organizator zastrzega sobie prawo do zmiany Regulaminu pod warunkiem, \u017ce taka zmiana nie naruszy praw nabytych jego Uczestnik\u00f3w. Zmiany Regulaminu mog\u0105 wynika\u0107 z przyczyn niezale\u017cnych od Organizatora, kt\u00f3rych nie mo\u017cna by\u0142o przewiedzie\u0107 w chwili og\u0142oszenia Regulaminu, jak r\u00f3wnie\u017c z potrzeby usuni\u0119cia ewentualnych b\u0142\u0119d\u00f3w lub nie\u015bcis\u0142o\u015bci w tre\u015bci Regulaminu. Zmiana obowi\u0105zuje z chwil\u0105 opublikowania zmienionej wersji Regulaminu na Szko\u0142y, kt\u00f3re przes\u0142a\u0142y swoje zg\u0142oszenia do Konkursu o ka\u017cdej zmianie Regulaminu zostan\u0105 tak\u017ce poinformowane przez Organizatora drog\u0105 mailow\u0105.<\/li><li>Niniejszy Regulamin jest dost\u0119pny na Portalu.<\/li><\/ul>\n\n\n\n<ol class=\"wp-block-list\" start=\"9\"><li><strong>Kontakt&nbsp;<\/strong><\/li><\/ol>\n\n\n\n<p>Je\u015bli masz pytania lub w\u0105tpliwo\u015bci dotycz\u0105ce niniejszego Regulaminu, skontaktuj si\u0119 z <a href=\"mailto:pomoc@pho3nix-kids.com\">pomoc@pho3nix-kids.com <\/a>lub napisz do Organizatora na adres: ul. Smardzewska 21\/4, 60-161 Pozna\u0144, Polska.<\/p>\n","protected":false},"excerpt":{"rendered":"<p>Regulamin Konkursu: Mi\u0119dzyszkolny konkurs w aplikacji mobilnej Pho3nix Kids Postanowienia og\u00f3lne&nbsp; Niniejszy Regulamin (dalej \u201eRegulamin\u201d) okre\u015bla warunki konkursu realizowanego pod nazw\u0105 \u201eMi\u0119dzyszkolny konkurs w aplikacji mobilnej Pho3nix Kids\u201d (dalej \u201cKonkurs\u201c) b\u0119d\u0105cego cz\u0119\u015bci\u0105 akcji charytatywnej realizowanej pod nazw\u0105 \u201eFundacja Pho3nix Gra z WO\u015aP&#8221; (dalej &#8222;Akcja&#8222;). Konkurs jest realizowany za po\u015brednictwem aplikacji mobilnej Pho3nix Kids (dalej \u201eAplikacja\u201d) [&hellip;]<\/p>\n","protected":false},"author":4,"featured_media":0,"parent":0,"menu_order":0,"comment_status":"closed","ping_status":"closed","template":"","meta":{"_monsterinsights_skip_tracking":false,"_monsterinsights_sitenote_active":false,"_monsterinsights_sitenote_note":"","_monsterinsights_sitenote_category":0,"footnotes":""},"class_list":["post-1780","page","type-page","status-publish","hentry"],"acf":[],"_links":{"self":[{"href":"https:\/\/pho3nix-kids.com\/polska\/wp-json\/wp\/v2\/pages\/1780","targetHints":{"allow":["GET"]}}],"collection":[{"href":"https:\/\/pho3nix-kids.com\/polska\/wp-json\/wp\/v2\/pages"}],"about":[{"href":"https:\/\/pho3nix-kids.com\/polska\/wp-json\/wp\/v2\/types\/page"}],"author":[{"embeddable":true,"href":"https:\/\/pho3nix-kids.com\/polska\/wp-json\/wp\/v2\/users\/4"}],"replies":[{"embeddable":true,"href":"https:\/\/pho3nix-kids.com\/polska\/wp-json\/wp\/v2\/comments?post=1780"}],"version-history":[{"count":4,"href":"https:\/\/pho3nix-kids.com\/polska\/wp-json\/wp\/v2\/pages\/1780\/revisions"}],"predecessor-version":[{"id":1803,"href":"https:\/\/pho3nix-kids.com\/polska\/wp-json\/wp\/v2\/pages\/1780\/revisions\/1803"}],"wp:attachment":[{"href":"https:\/\/pho3nix-kids.com\/polska\/wp-json\/wp\/v2\/media?parent=1780"}],"curies":[{"name":"wp","href":"https:\/\/api.w.org\/{rel}","templated":true}]}}