{"id":277,"date":"2021-10-15T14:01:27","date_gmt":"2021-10-15T12:01:27","guid":{"rendered":"https:\/\/pho3nix-kids.com\/polska\/?page_id=277"},"modified":"2022-10-17T09:36:38","modified_gmt":"2022-10-17T07:36:38","slug":"regulaminy","status":"publish","type":"page","link":"https:\/\/pho3nix-kids.com\/polska\/regulaminy\/","title":{"rendered":"Regulaminy"},"content":{"rendered":"\n<h4 class=\"wp-block-heading\"><a href=\"https:\/\/pho3nix-kids.com\/warunki-uzytkowania\/\">Warunki U\u017cytkowania<\/a><\/h4>\n\n\n\n<h4 class=\"wp-block-heading\"><a href=\"https:\/\/pho3nix-kids.com\/polityka-prywatnosci\/\">Polityka Prywatno\u015bci<\/a><\/h4>\n\n\n\n<h4 class=\"wp-block-heading\"><a href=\"https:\/\/pho3nix-kids.com\/polska\/regulamin-konkursu-na-platformie-video\/\" data-type=\"URL\" data-id=\"https:\/\/pho3nix-kids.com\/polska\/regulamin-konkursu-na-platformie-video\/\" target=\"_blank\" rel=\"noreferrer noopener\">Regulamin konkursu na Platformie Video<\/a><\/h4>\n\n\n\n<h4 class=\"wp-block-heading\"><a href=\"https:\/\/pho3nix-kids.com\/polska\/regulamin-akcji-charytatywnej-fundacjapho3nix-gra-z-wosp\/\">Regulamin akcji charytatywnej Fundacja Pho3nix gra z WO\u015aP<\/a><\/h4>\n\n\n\n<h4 class=\"wp-block-heading\"><a href=\"https:\/\/pho3nix-kids.com\/polska\/regulamin-konkursu-w-aplikacji-mobilnej-pho3nix-kids-2022\/\">Regulamin mi\u0119dzyszkolnego konkursu w aplikacji mobilnej Pho3nix Kids<\/a><\/h4>\n\n\n\n<h4 class=\"wp-block-heading\"><a href=\"https:\/\/pho3nix-kids.com\/polska\/regulamin-pho3nix-active-school\/\">Regulamin Pho3nix Active School<\/a><\/h4>\n\n\n\n<p><\/p>\n","protected":false},"excerpt":{"rendered":"<p>Warunki U\u017cytkowania Polityka Prywatno\u015bci Regulamin konkursu na Platformie Video Regulamin akcji charytatywnej Fundacja Pho3nix gra z WO\u015aP Regulamin mi\u0119dzyszkolnego konkursu w aplikacji mobilnej Pho3nix Kids Regulamin Pho3nix Active School<\/p>\n","protected":false},"author":4,"featured_media":0,"parent":0,"menu_order":0,"comment_status":"closed","ping_status":"closed","template":"","meta":{"_monsterinsights_skip_tracking":false,"_monsterinsights_sitenote_active":false,"_monsterinsights_sitenote_note":"","_monsterinsights_sitenote_category":0,"footnotes":""},"class_list":["post-277","page","type-page","status-publish","hentry"],"acf":[],"_links":{"self":[{"href":"https:\/\/pho3nix-kids.com\/polska\/wp-json\/wp\/v2\/pages\/277","targetHints":{"allow":["GET"]}}],"collection":[{"href":"https:\/\/pho3nix-kids.com\/polska\/wp-json\/wp\/v2\/pages"}],"about":[{"href":"https:\/\/pho3nix-kids.com\/polska\/wp-json\/wp\/v2\/types\/page"}],"author":[{"embeddable":true,"href":"https:\/\/pho3nix-kids.com\/polska\/wp-json\/wp\/v2\/users\/4"}],"replies":[{"embeddable":true,"href":"https:\/\/pho3nix-kids.com\/polska\/wp-json\/wp\/v2\/comments?post=277"}],"version-history":[{"count":12,"href":"https:\/\/pho3nix-kids.com\/polska\/wp-json\/wp\/v2\/pages\/277\/revisions"}],"predecessor-version":[{"id":4337,"href":"https:\/\/pho3nix-kids.com\/polska\/wp-json\/wp\/v2\/pages\/277\/revisions\/4337"}],"wp:attachment":[{"href":"https:\/\/pho3nix-kids.com\/polska\/wp-json\/wp\/v2\/media?parent=277"}],"curies":[{"name":"wp","href":"https:\/\/api.w.org\/{rel}","templated":true}]}}